{"id":5891,"date":"2025-06-20T15:55:12","date_gmt":"2025-06-20T13:55:12","guid":{"rendered":"https:\/\/www-inte.b2pweb.com\/?page_id=5891"},"modified":"2025-07-01T16:59:25","modified_gmt":"2025-07-01T14:59:25","slug":"autenticacao-dupla-bolsa-de-cargas","status":"publish","type":"page","link":"https:\/\/www-inte.b2pweb.com\/pt\/autenticacao-dupla-bolsa-de-cargas\/","title":{"rendered":"Autenticacao dupla bolsa de cargas"},"content":{"rendered":"\n<div class=\"wp-block-media-text is-vertically-aligned-top\" style=\"grid-template-columns:5% auto\"><figure class=\"wp-block-media-text__media\"><img loading=\"lazy\" decoding=\"async\" width=\"576\" height=\"455\" src=\"https:\/\/www-inte.b2pweb.com\/wp-content\/uploads\/id-card.png\" alt=\"\" class=\"wp-image-5913 size-thumbnail\" srcset=\"https:\/\/www-inte.b2pweb.com\/wp-content\/uploads\/id-card.png 576w, https:\/\/www-inte.b2pweb.com\/wp-content\/uploads\/id-card-300x237.png 300w\" sizes=\"auto, (max-width: 576px) 100vw, 576px\" \/><\/figure><div class=\"wp-block-media-text__content\">\n<h2 class=\"wp-block-heading\">O que \u00e9 a autentica\u00e7\u00e3o de dois factores (A2F)?<\/h2>\n\n\n\n<p>A autentica\u00e7\u00e3o de dois factores \u00e9 um m\u00e9todo de seguran\u00e7a avan\u00e7ado que requer uma\u00a0<strong>verifica\u00e7\u00e3o dupla sempre<\/strong>\u00a0que iniciar a sess\u00e3o. Esta medida refor\u00e7a a seguran\u00e7a dos dados e reduz o risco de acessos n\u00e3o autorizados \u00e0 conta.<\/p>\n<\/div><\/div>\n\n\n\n<div class=\"wp-block-media-text is-vertically-aligned-top mt-3\" style=\"grid-template-columns:5% auto\"><figure class=\"wp-block-media-text__media\"><img loading=\"lazy\" decoding=\"async\" width=\"448\" height=\"512\" src=\"https:\/\/www-inte.b2pweb.com\/wp-content\/uploads\/icon-user-green.png\" alt=\"\" class=\"wp-image-6011 size-full\" srcset=\"https:\/\/www-inte.b2pweb.com\/wp-content\/uploads\/icon-user-green.png 448w, https:\/\/www-inte.b2pweb.com\/wp-content\/uploads\/icon-user-green-263x300.png 263w\" sizes=\"auto, (max-width: 448px) 100vw, 448px\" \/><\/figure><div class=\"wp-block-media-text__content\">\n<h2 class=\"wp-block-heading\">Quem \u00e9 afectado?<\/h2>\n\n\n\n<p>Todos os utilizadores da B2PWeb com uma conta individual, independentemente do tipo de subscri\u00e7\u00e3o.<\/p>\n<\/div><\/div>\n\n\n\n<div class=\"wp-block-media-text is-vertically-aligned-top mt-3\" style=\"grid-template-columns:5% auto\"><figure class=\"wp-block-media-text__media\"><img loading=\"lazy\" decoding=\"async\" width=\"576\" height=\"512\" src=\"https:\/\/www-inte.b2pweb.com\/wp-content\/uploads\/icon-lock-green.png\" alt=\"\" class=\"wp-image-6006 size-full\" srcset=\"https:\/\/www-inte.b2pweb.com\/wp-content\/uploads\/icon-lock-green.png 576w, https:\/\/www-inte.b2pweb.com\/wp-content\/uploads\/icon-lock-green-300x267.png 300w\" sizes=\"auto, (max-width: 576px) 100vw, 576px\" \/><\/figure><div class=\"wp-block-media-text__content\">\n<h2 class=\"wp-block-heading\">Como funciona?<\/h2>\n\n\n\n<p>Sempre que esta op\u00e7\u00e3o estiver activada, qualquer nova tentativa de acesso exigir\u00e1 a introdu\u00e7\u00e3o de um\u00a0c\u00f3digo \u00fanico na p\u00e1gina de autentica\u00e7\u00e3o da B2PWeb. Sem este c\u00f3digo, o acesso \u00e0 bolsa de cargas ser\u00e1 imposs\u00edvel.<\/p>\n<\/div><\/div>\n\n\n\n<div class=\"wp-block-media-text is-vertically-aligned-top mt-3\" style=\"grid-template-columns:5% auto\"><figure class=\"wp-block-media-text__media\"><img loading=\"lazy\" decoding=\"async\" width=\"512\" height=\"390\" src=\"https:\/\/www-inte.b2pweb.com\/wp-content\/uploads\/envelope-mail.png\" alt=\"\" class=\"wp-image-5953 size-full\" srcset=\"https:\/\/www-inte.b2pweb.com\/wp-content\/uploads\/envelope-mail.png 512w, https:\/\/www-inte.b2pweb.com\/wp-content\/uploads\/envelope-mail-300x229.png 300w\" sizes=\"auto, (max-width: 512px) 100vw, 512px\" \/><\/figure><div class=\"wp-block-media-text__content\">\n<h2 class=\"wp-block-heading\">Para onde \u00e9 enviado o c\u00f3digo de uso \u00fanico?<\/h2>\n\n\n\n<p>O seu c\u00f3digo ser\u00e1 enviado para o endere\u00e7o de e-mail associado \u00e0 conta de utilizador (normalmente o e-mail que utiliza para iniciar sess\u00e3o).<\/p>\n<\/div><\/div>\n\n\n\n<div class=\"wp-block-media-text is-vertically-aligned-top mt-3\" style=\"grid-template-columns:5% auto\"><figure class=\"wp-block-media-text__media\"><img loading=\"lazy\" decoding=\"async\" width=\"512\" height=\"512\" src=\"https:\/\/www-inte.b2pweb.com\/wp-content\/uploads\/check.png\" alt=\"\" class=\"wp-image-5964 size-full\" srcset=\"https:\/\/www-inte.b2pweb.com\/wp-content\/uploads\/check.png 512w, https:\/\/www-inte.b2pweb.com\/wp-content\/uploads\/check-300x300.png 300w, https:\/\/www-inte.b2pweb.com\/wp-content\/uploads\/check-150x150.png 150w\" sizes=\"auto, (max-width: 512px) 100vw, 512px\" \/><\/figure><div class=\"wp-block-media-text__content\">\n<h2 class=\"wp-block-heading\">Como activar esta op\u00e7\u00e3o?<\/h2>\n\n\n\n<p>Pode activar esta op\u00e7\u00e3o (A2F) nas defini\u00e7\u00f5es de conta B2PWeb:<br><strong>A Minha Conta > Seguran\u00e7a da Conta<\/strong><\/p>\n<\/div><\/div>\n","protected":false},"excerpt":{"rendered":"<p>O que \u00e9 a autentica\u00e7\u00e3o de dois factores (A2F)? A autentica\u00e7\u00e3o de dois factores \u00e9 um m\u00e9todo de seguran\u00e7a avan\u00e7ado que requer uma\u00a0verifica\u00e7\u00e3o dupla sempre\u00a0que iniciar a sess\u00e3o. Esta medida refor\u00e7a a seguran\u00e7a dos dados e reduz o risco de acessos n\u00e3o autorizados \u00e0 conta. Quem \u00e9 afectado? Todos os utilizadores da B2PWeb com uma [&hellip;]<\/p>\n","protected":false},"author":1,"featured_media":0,"parent":0,"menu_order":0,"comment_status":"closed","ping_status":"closed","template":"page.php","meta":{"_acf_changed":false,"footnotes":""},"class_list":["post-5891","page","type-page","status-publish","hentry"],"acf":[],"yoast_head":"<!-- This site is optimized with the Yoast SEO plugin v27.2 - https:\/\/yoast.com\/product\/yoast-seo-wordpress\/ -->\n<title>B2PWeb | Autenticacao dupla bolsa de cargas<\/title>\n<meta name=\"robots\" content=\"noindex, nofollow\" \/>\n<meta property=\"og:locale\" content=\"pt_PT\" \/>\n<meta property=\"og:type\" content=\"article\" \/>\n<meta property=\"og:title\" content=\"B2PWeb | Autenticacao dupla bolsa de cargas\" \/>\n<meta property=\"og:description\" content=\"O que \u00e9 a autentica\u00e7\u00e3o de dois factores (A2F)? A autentica\u00e7\u00e3o de dois factores \u00e9 um m\u00e9todo de seguran\u00e7a avan\u00e7ado que requer uma\u00a0verifica\u00e7\u00e3o dupla sempre\u00a0que iniciar a sess\u00e3o. Esta medida refor\u00e7a a seguran\u00e7a dos dados e reduz o risco de acessos n\u00e3o autorizados \u00e0 conta. Quem \u00e9 afectado? Todos os utilizadores da B2PWeb com uma [&hellip;]\" \/>\n<meta property=\"og:url\" content=\"https:\/\/www-inte.b2pweb.com\/pt\/autenticacao-dupla-bolsa-de-cargas\/\" \/>\n<meta property=\"og:site_name\" content=\"B2PWeb\" \/>\n<meta property=\"article:publisher\" content=\"https:\/\/m.facebook.com\/p\/B2P-100057724080343\/\" \/>\n<meta property=\"article:modified_time\" content=\"2025-07-01T14:59:25+00:00\" \/>\n<meta property=\"og:image\" content=\"https:\/\/www-inte.b2pweb.com\/wp-content\/uploads\/id-card.png\" \/>\n<meta name=\"twitter:card\" content=\"summary_large_image\" \/>\n<meta name=\"twitter:label1\" content=\"Tempo estimado de leitura\" \/>\n\t<meta name=\"twitter:data1\" content=\"2 minutos\" \/>\n<script type=\"application\/ld+json\" class=\"yoast-schema-graph\">{\"@context\":\"https:\/\/schema.org\",\"@graph\":[{\"@type\":\"WebPage\",\"@id\":\"https:\/\/www-inte.b2pweb.com\/pt\/autenticacao-dupla-bolsa-de-cargas\/\",\"url\":\"https:\/\/www-inte.b2pweb.com\/pt\/autenticacao-dupla-bolsa-de-cargas\/\",\"name\":\"B2PWeb | Autenticacao dupla bolsa de cargas\",\"isPartOf\":{\"@id\":\"https:\/\/www-inte.b2pweb.com\/pt\/#website\"},\"primaryImageOfPage\":{\"@id\":\"https:\/\/www-inte.b2pweb.com\/pt\/autenticacao-dupla-bolsa-de-cargas\/#primaryimage\"},\"image\":{\"@id\":\"https:\/\/www-inte.b2pweb.com\/pt\/autenticacao-dupla-bolsa-de-cargas\/#primaryimage\"},\"thumbnailUrl\":\"https:\/\/www-inte.b2pweb.com\/wp-content\/uploads\/id-card.png\",\"datePublished\":\"2025-06-20T13:55:12+00:00\",\"dateModified\":\"2025-07-01T14:59:25+00:00\",\"breadcrumb\":{\"@id\":\"https:\/\/www-inte.b2pweb.com\/pt\/autenticacao-dupla-bolsa-de-cargas\/#breadcrumb\"},\"inLanguage\":\"pt-PT\",\"potentialAction\":[{\"@type\":\"ReadAction\",\"target\":[\"https:\/\/www-inte.b2pweb.com\/pt\/autenticacao-dupla-bolsa-de-cargas\/\"]}]},{\"@type\":\"ImageObject\",\"inLanguage\":\"pt-PT\",\"@id\":\"https:\/\/www-inte.b2pweb.com\/pt\/autenticacao-dupla-bolsa-de-cargas\/#primaryimage\",\"url\":\"https:\/\/www-inte.b2pweb.com\/wp-content\/uploads\/id-card.png\",\"contentUrl\":\"https:\/\/www-inte.b2pweb.com\/wp-content\/uploads\/id-card.png\"},{\"@type\":\"BreadcrumbList\",\"@id\":\"https:\/\/www-inte.b2pweb.com\/pt\/autenticacao-dupla-bolsa-de-cargas\/#breadcrumb\",\"itemListElement\":[{\"@type\":\"ListItem\",\"position\":1,\"name\":\"Home\",\"item\":\"https:\/\/www-inte.b2pweb.com\/pt\/\"},{\"@type\":\"ListItem\",\"position\":2,\"name\":\"Autenticacao dupla bolsa de cargas\"}]},{\"@type\":\"WebSite\",\"@id\":\"https:\/\/www-inte.b2pweb.com\/pt\/#website\",\"url\":\"https:\/\/www-inte.b2pweb.com\/pt\/\",\"name\":\"B2PWeb\",\"description\":\"\",\"publisher\":{\"@id\":\"https:\/\/www-inte.b2pweb.com\/pt\/#organization\"},\"potentialAction\":[{\"@type\":\"SearchAction\",\"target\":{\"@type\":\"EntryPoint\",\"urlTemplate\":\"https:\/\/www-inte.b2pweb.com\/pt\/?s={search_term_string}\"},\"query-input\":{\"@type\":\"PropertyValueSpecification\",\"valueRequired\":true,\"valueName\":\"search_term_string\"}}],\"inLanguage\":\"pt-PT\"},{\"@type\":\"Organization\",\"@id\":\"https:\/\/www-inte.b2pweb.com\/pt\/#organization\",\"name\":\"B2PWeb\",\"url\":\"https:\/\/www-inte.b2pweb.com\/pt\/\",\"logo\":{\"@type\":\"ImageObject\",\"inLanguage\":\"pt-PT\",\"@id\":\"https:\/\/www-inte.b2pweb.com\/pt\/#\/schema\/logo\/image\/\",\"url\":\"https:\/\/www-inte.b2pweb.com\/wp-content\/uploads\/2024\/09\/logo_b2pweb_by_b2p_couleur_originale_sans_tagline.png\",\"contentUrl\":\"https:\/\/www-inte.b2pweb.com\/wp-content\/uploads\/2024\/09\/logo_b2pweb_by_b2p_couleur_originale_sans_tagline.png\",\"width\":558,\"height\":203,\"caption\":\"B2PWeb\"},\"image\":{\"@id\":\"https:\/\/www-inte.b2pweb.com\/pt\/#\/schema\/logo\/image\/\"},\"sameAs\":[\"https:\/\/m.facebook.com\/p\/B2P-100057724080343\/\",\"https:\/\/fr.linkedin.com\/company\/b2pweb\",\"https:\/\/www.youtube.com\/channel\/UC_DMJDsr7WATOkvD0eLiF6A\",\"https:\/\/www.instagram.com\/b2pweb_\/\"]}]}<\/script>\n<!-- \/ Yoast SEO plugin. -->","yoast_head_json":{"title":"B2PWeb | Autenticacao dupla bolsa de cargas","robots":{"index":"noindex","follow":"nofollow"},"og_locale":"pt_PT","og_type":"article","og_title":"B2PWeb | Autenticacao dupla bolsa de cargas","og_description":"O que \u00e9 a autentica\u00e7\u00e3o de dois factores (A2F)? A autentica\u00e7\u00e3o de dois factores \u00e9 um m\u00e9todo de seguran\u00e7a avan\u00e7ado que requer uma\u00a0verifica\u00e7\u00e3o dupla sempre\u00a0que iniciar a sess\u00e3o. Esta medida refor\u00e7a a seguran\u00e7a dos dados e reduz o risco de acessos n\u00e3o autorizados \u00e0 conta. Quem \u00e9 afectado? Todos os utilizadores da B2PWeb com uma [&hellip;]","og_url":"https:\/\/www-inte.b2pweb.com\/pt\/autenticacao-dupla-bolsa-de-cargas\/","og_site_name":"B2PWeb","article_publisher":"https:\/\/m.facebook.com\/p\/B2P-100057724080343\/","article_modified_time":"2025-07-01T14:59:25+00:00","og_image":[{"url":"https:\/\/www-inte.b2pweb.com\/wp-content\/uploads\/id-card.png","type":"","width":"","height":""}],"twitter_card":"summary_large_image","twitter_misc":{"Tempo estimado de leitura":"2 minutos"},"schema":{"@context":"https:\/\/schema.org","@graph":[{"@type":"WebPage","@id":"https:\/\/www-inte.b2pweb.com\/pt\/autenticacao-dupla-bolsa-de-cargas\/","url":"https:\/\/www-inte.b2pweb.com\/pt\/autenticacao-dupla-bolsa-de-cargas\/","name":"B2PWeb | Autenticacao dupla bolsa de cargas","isPartOf":{"@id":"https:\/\/www-inte.b2pweb.com\/pt\/#website"},"primaryImageOfPage":{"@id":"https:\/\/www-inte.b2pweb.com\/pt\/autenticacao-dupla-bolsa-de-cargas\/#primaryimage"},"image":{"@id":"https:\/\/www-inte.b2pweb.com\/pt\/autenticacao-dupla-bolsa-de-cargas\/#primaryimage"},"thumbnailUrl":"https:\/\/www-inte.b2pweb.com\/wp-content\/uploads\/id-card.png","datePublished":"2025-06-20T13:55:12+00:00","dateModified":"2025-07-01T14:59:25+00:00","breadcrumb":{"@id":"https:\/\/www-inte.b2pweb.com\/pt\/autenticacao-dupla-bolsa-de-cargas\/#breadcrumb"},"inLanguage":"pt-PT","potentialAction":[{"@type":"ReadAction","target":["https:\/\/www-inte.b2pweb.com\/pt\/autenticacao-dupla-bolsa-de-cargas\/"]}]},{"@type":"ImageObject","inLanguage":"pt-PT","@id":"https:\/\/www-inte.b2pweb.com\/pt\/autenticacao-dupla-bolsa-de-cargas\/#primaryimage","url":"https:\/\/www-inte.b2pweb.com\/wp-content\/uploads\/id-card.png","contentUrl":"https:\/\/www-inte.b2pweb.com\/wp-content\/uploads\/id-card.png"},{"@type":"BreadcrumbList","@id":"https:\/\/www-inte.b2pweb.com\/pt\/autenticacao-dupla-bolsa-de-cargas\/#breadcrumb","itemListElement":[{"@type":"ListItem","position":1,"name":"Home","item":"https:\/\/www-inte.b2pweb.com\/pt\/"},{"@type":"ListItem","position":2,"name":"Autenticacao dupla bolsa de cargas"}]},{"@type":"WebSite","@id":"https:\/\/www-inte.b2pweb.com\/pt\/#website","url":"https:\/\/www-inte.b2pweb.com\/pt\/","name":"B2PWeb","description":"","publisher":{"@id":"https:\/\/www-inte.b2pweb.com\/pt\/#organization"},"potentialAction":[{"@type":"SearchAction","target":{"@type":"EntryPoint","urlTemplate":"https:\/\/www-inte.b2pweb.com\/pt\/?s={search_term_string}"},"query-input":{"@type":"PropertyValueSpecification","valueRequired":true,"valueName":"search_term_string"}}],"inLanguage":"pt-PT"},{"@type":"Organization","@id":"https:\/\/www-inte.b2pweb.com\/pt\/#organization","name":"B2PWeb","url":"https:\/\/www-inte.b2pweb.com\/pt\/","logo":{"@type":"ImageObject","inLanguage":"pt-PT","@id":"https:\/\/www-inte.b2pweb.com\/pt\/#\/schema\/logo\/image\/","url":"https:\/\/www-inte.b2pweb.com\/wp-content\/uploads\/2024\/09\/logo_b2pweb_by_b2p_couleur_originale_sans_tagline.png","contentUrl":"https:\/\/www-inte.b2pweb.com\/wp-content\/uploads\/2024\/09\/logo_b2pweb_by_b2p_couleur_originale_sans_tagline.png","width":558,"height":203,"caption":"B2PWeb"},"image":{"@id":"https:\/\/www-inte.b2pweb.com\/pt\/#\/schema\/logo\/image\/"},"sameAs":["https:\/\/m.facebook.com\/p\/B2P-100057724080343\/","https:\/\/fr.linkedin.com\/company\/b2pweb","https:\/\/www.youtube.com\/channel\/UC_DMJDsr7WATOkvD0eLiF6A","https:\/\/www.instagram.com\/b2pweb_\/"]}]}},"_links":{"self":[{"href":"https:\/\/www-inte.b2pweb.com\/pt\/wp-json\/wp\/v2\/pages\/5891","targetHints":{"allow":["GET"]}}],"collection":[{"href":"https:\/\/www-inte.b2pweb.com\/pt\/wp-json\/wp\/v2\/pages"}],"about":[{"href":"https:\/\/www-inte.b2pweb.com\/pt\/wp-json\/wp\/v2\/types\/page"}],"author":[{"embeddable":true,"href":"https:\/\/www-inte.b2pweb.com\/pt\/wp-json\/wp\/v2\/users\/1"}],"replies":[{"embeddable":true,"href":"https:\/\/www-inte.b2pweb.com\/pt\/wp-json\/wp\/v2\/comments?post=5891"}],"version-history":[{"count":5,"href":"https:\/\/www-inte.b2pweb.com\/pt\/wp-json\/wp\/v2\/pages\/5891\/revisions"}],"predecessor-version":[{"id":6065,"href":"https:\/\/www-inte.b2pweb.com\/pt\/wp-json\/wp\/v2\/pages\/5891\/revisions\/6065"}],"wp:attachment":[{"href":"https:\/\/www-inte.b2pweb.com\/pt\/wp-json\/wp\/v2\/media?parent=5891"}],"curies":[{"name":"wp","href":"https:\/\/api.w.org\/{rel}","templated":true}]}}