{"id":5888,"date":"2025-06-20T15:55:12","date_gmt":"2025-06-20T13:55:12","guid":{"rendered":"https:\/\/www-inte.b2pweb.com\/?page_id=5888"},"modified":"2025-06-30T09:47:17","modified_gmt":"2025-06-30T07:47:17","slug":"double-authentification-bourse-de-fret","status":"publish","type":"page","link":"https:\/\/www-inte.b2pweb.com\/fr\/double-authentification-bourse-de-fret\/","title":{"rendered":"Double authentification bourse de fret"},"content":{"rendered":"\n<div class=\"wp-block-media-text is-vertically-aligned-top\" style=\"grid-template-columns:5% auto\"><figure class=\"wp-block-media-text__media\"><img loading=\"lazy\" decoding=\"async\" width=\"576\" height=\"455\" src=\"https:\/\/www-inte.b2pweb.com\/wp-content\/uploads\/id-card.png\" alt=\"\" class=\"wp-image-5913 size-thumbnail\" srcset=\"https:\/\/www-inte.b2pweb.com\/wp-content\/uploads\/id-card.png 576w, https:\/\/www-inte.b2pweb.com\/wp-content\/uploads\/id-card-300x237.png 300w\" sizes=\"auto, (max-width: 576px) 100vw, 576px\" \/><\/figure><div class=\"wp-block-media-text__content\">\n<h2 class=\"wp-block-heading\">Qu\u2019est-ce que la double authentification (A2F) ?<\/h2>\n\n\n\n<p>La double authentification (A2F) est une m\u00e9thode de s\u00e9curisation avanc\u00e9e qui <strong>exige <\/strong>une v\u00e9rification \u00e0 deux facteurs <strong>\u00e0 chaque connexion.<\/strong> Cette mesure renforce la s\u00e9curit\u00e9 de vos donn\u00e9es et limite les risques d\u2019acc\u00e8s non autoris\u00e9 \u00e0 votre compte.<\/p>\n<\/div><\/div>\n\n\n\n<div class=\"wp-block-media-text is-vertically-aligned-top mt-3\" style=\"grid-template-columns:5% auto\"><figure class=\"wp-block-media-text__media\"><img loading=\"lazy\" decoding=\"async\" width=\"448\" height=\"512\" src=\"https:\/\/www-inte.b2pweb.com\/wp-content\/uploads\/icon-user-green.png\" alt=\"\" class=\"wp-image-6011 size-full\" srcset=\"https:\/\/www-inte.b2pweb.com\/wp-content\/uploads\/icon-user-green.png 448w, https:\/\/www-inte.b2pweb.com\/wp-content\/uploads\/icon-user-green-263x300.png 263w\" sizes=\"auto, (max-width: 448px) 100vw, 448px\" \/><\/figure><div class=\"wp-block-media-text__content\">\n<h2 class=\"wp-block-heading\">Qui est concern\u00e9 ?<\/h2>\n\n\n\n<p>Tout utilisateur de B2PWeb poss\u00e9dant un compte individuel, peu importe l&rsquo;abonnement souscrit.<\/p>\n<\/div><\/div>\n\n\n\n<div class=\"wp-block-media-text is-vertically-aligned-top mt-3\" style=\"grid-template-columns:5% auto\"><figure class=\"wp-block-media-text__media\"><img loading=\"lazy\" decoding=\"async\" width=\"576\" height=\"512\" src=\"https:\/\/www-inte.b2pweb.com\/wp-content\/uploads\/icon-lock-green.png\" alt=\"\" class=\"wp-image-6006 size-full\" srcset=\"https:\/\/www-inte.b2pweb.com\/wp-content\/uploads\/icon-lock-green.png 576w, https:\/\/www-inte.b2pweb.com\/wp-content\/uploads\/icon-lock-green-300x267.png 300w\" sizes=\"auto, (max-width: 576px) 100vw, 576px\" \/><\/figure><div class=\"wp-block-media-text__content\">\n<h2 class=\"wp-block-heading\">Comment cela fonctionne-t-il ?<\/h2>\n\n\n\n<p><strong>Lorsque cette option est activ\u00e9e<\/strong>, toute nouvelle connexion d\u00e9tect\u00e9e exigera de renseigner un <strong>code unique <\/strong>sur la page d\u2019authentification de B2PWeb. Sans ce code, il sera impossible d\u2019acc\u00e9der \u00e0 la bourse de fret.<\/p>\n<\/div><\/div>\n\n\n\n<div class=\"wp-block-media-text is-vertically-aligned-top mt-3\" style=\"grid-template-columns:5% auto\"><figure class=\"wp-block-media-text__media\"><img loading=\"lazy\" decoding=\"async\" width=\"512\" height=\"390\" src=\"https:\/\/www-inte.b2pweb.com\/wp-content\/uploads\/envelope-mail.png\" alt=\"\" class=\"wp-image-5953 size-full\" srcset=\"https:\/\/www-inte.b2pweb.com\/wp-content\/uploads\/envelope-mail.png 512w, https:\/\/www-inte.b2pweb.com\/wp-content\/uploads\/envelope-mail-300x229.png 300w\" sizes=\"auto, (max-width: 512px) 100vw, 512px\" \/><\/figure><div class=\"wp-block-media-text__content\">\n<h2 class=\"wp-block-heading\">O\u00f9 est envoy\u00e9 le code \u00e0 usage unique ?<\/h2>\n\n\n\n<p>Votre code unique est envoy\u00e9 \u00e0 l\u2019email rattach\u00e9 \u00e0 votre compte utilisateur (g\u00e9n\u00e9ralement votre email de connexion). <\/p>\n<\/div><\/div>\n\n\n\n<div class=\"wp-block-media-text is-vertically-aligned-top mt-3\" style=\"grid-template-columns:5% auto\"><figure class=\"wp-block-media-text__media\"><img loading=\"lazy\" decoding=\"async\" width=\"512\" height=\"512\" src=\"https:\/\/www-inte.b2pweb.com\/wp-content\/uploads\/check.png\" alt=\"\" class=\"wp-image-5964 size-full\" srcset=\"https:\/\/www-inte.b2pweb.com\/wp-content\/uploads\/check.png 512w, https:\/\/www-inte.b2pweb.com\/wp-content\/uploads\/check-300x300.png 300w, https:\/\/www-inte.b2pweb.com\/wp-content\/uploads\/check-150x150.png 150w\" sizes=\"auto, (max-width: 512px) 100vw, 512px\" \/><\/figure><div class=\"wp-block-media-text__content\">\n<h2 class=\"wp-block-heading\">Comment activer cette option ?<\/h2>\n\n\n\n<p>Cette option (A2F) est activable dans vos param\u00e8tres de compte B2PWeb : Mon compte &gt; S\u00e9curisation du compte. <\/p>\n<\/div><\/div>\n","protected":false},"excerpt":{"rendered":"<p>Qu\u2019est-ce que la double authentification (A2F) ? La double authentification (A2F) est une m\u00e9thode de s\u00e9curisation avanc\u00e9e qui exige une v\u00e9rification \u00e0 deux facteurs \u00e0 chaque connexion. Cette mesure renforce la s\u00e9curit\u00e9 de vos donn\u00e9es et limite les risques d\u2019acc\u00e8s non autoris\u00e9 \u00e0 votre compte. Qui est concern\u00e9 ? Tout utilisateur de B2PWeb poss\u00e9dant un [&hellip;]<\/p>\n","protected":false},"author":1,"featured_media":0,"parent":0,"menu_order":0,"comment_status":"closed","ping_status":"closed","template":"page.php","meta":{"_acf_changed":false,"footnotes":""},"class_list":["post-5888","page","type-page","status-publish","hentry"],"acf":[],"yoast_head":"<!-- This site is optimized with the Yoast SEO plugin v27.2 - https:\/\/yoast.com\/product\/yoast-seo-wordpress\/ -->\n<title>B2PWeb | Double authentification bourse de fret<\/title>\n<meta name=\"robots\" content=\"noindex, nofollow\" \/>\n<meta property=\"og:locale\" content=\"fr_FR\" \/>\n<meta property=\"og:type\" content=\"article\" \/>\n<meta property=\"og:title\" content=\"B2PWeb | Double authentification bourse de fret\" \/>\n<meta property=\"og:description\" content=\"Qu\u2019est-ce que la double authentification (A2F) ? La double authentification (A2F) est une m\u00e9thode de s\u00e9curisation avanc\u00e9e qui exige une v\u00e9rification \u00e0 deux facteurs \u00e0 chaque connexion. Cette mesure renforce la s\u00e9curit\u00e9 de vos donn\u00e9es et limite les risques d\u2019acc\u00e8s non autoris\u00e9 \u00e0 votre compte. Qui est concern\u00e9 ? Tout utilisateur de B2PWeb poss\u00e9dant un [&hellip;]\" \/>\n<meta property=\"og:url\" content=\"https:\/\/www-inte.b2pweb.com\/fr\/double-authentification-bourse-de-fret\/\" \/>\n<meta property=\"og:site_name\" content=\"B2PWeb\" \/>\n<meta property=\"article:publisher\" content=\"https:\/\/m.facebook.com\/p\/B2P-100057724080343\/\" \/>\n<meta property=\"article:modified_time\" content=\"2025-06-30T07:47:17+00:00\" \/>\n<meta property=\"og:image\" content=\"https:\/\/www-inte.b2pweb.com\/wp-content\/uploads\/id-card.png\" \/>\n<meta name=\"twitter:card\" content=\"summary_large_image\" \/>\n<meta name=\"twitter:label1\" content=\"Dur\u00e9e de lecture estim\u00e9e\" \/>\n\t<meta name=\"twitter:data1\" content=\"2 minutes\" \/>\n<script type=\"application\/ld+json\" class=\"yoast-schema-graph\">{\"@context\":\"https:\/\/schema.org\",\"@graph\":[{\"@type\":\"WebPage\",\"@id\":\"https:\/\/www-inte.b2pweb.com\/fr\/double-authentification-bourse-de-fret\/\",\"url\":\"https:\/\/www-inte.b2pweb.com\/fr\/double-authentification-bourse-de-fret\/\",\"name\":\"B2PWeb | Double authentification bourse de fret\",\"isPartOf\":{\"@id\":\"https:\/\/www-inte.b2pweb.com\/fr\/#website\"},\"primaryImageOfPage\":{\"@id\":\"https:\/\/www-inte.b2pweb.com\/fr\/double-authentification-bourse-de-fret\/#primaryimage\"},\"image\":{\"@id\":\"https:\/\/www-inte.b2pweb.com\/fr\/double-authentification-bourse-de-fret\/#primaryimage\"},\"thumbnailUrl\":\"https:\/\/www-inte.b2pweb.com\/wp-content\/uploads\/id-card.png\",\"datePublished\":\"2025-06-20T13:55:12+00:00\",\"dateModified\":\"2025-06-30T07:47:17+00:00\",\"breadcrumb\":{\"@id\":\"https:\/\/www-inte.b2pweb.com\/fr\/double-authentification-bourse-de-fret\/#breadcrumb\"},\"inLanguage\":\"fr-FR\",\"potentialAction\":[{\"@type\":\"ReadAction\",\"target\":[\"https:\/\/www-inte.b2pweb.com\/fr\/double-authentification-bourse-de-fret\/\"]}]},{\"@type\":\"ImageObject\",\"inLanguage\":\"fr-FR\",\"@id\":\"https:\/\/www-inte.b2pweb.com\/fr\/double-authentification-bourse-de-fret\/#primaryimage\",\"url\":\"https:\/\/www-inte.b2pweb.com\/wp-content\/uploads\/id-card.png\",\"contentUrl\":\"https:\/\/www-inte.b2pweb.com\/wp-content\/uploads\/id-card.png\"},{\"@type\":\"BreadcrumbList\",\"@id\":\"https:\/\/www-inte.b2pweb.com\/fr\/double-authentification-bourse-de-fret\/#breadcrumb\",\"itemListElement\":[{\"@type\":\"ListItem\",\"position\":1,\"name\":\"Home\",\"item\":\"https:\/\/www-inte.b2pweb.com\/fr\/\"},{\"@type\":\"ListItem\",\"position\":2,\"name\":\"Double authentification bourse de fret\"}]},{\"@type\":\"WebSite\",\"@id\":\"https:\/\/www-inte.b2pweb.com\/fr\/#website\",\"url\":\"https:\/\/www-inte.b2pweb.com\/fr\/\",\"name\":\"B2PWeb\",\"description\":\"\",\"publisher\":{\"@id\":\"https:\/\/www-inte.b2pweb.com\/fr\/#organization\"},\"potentialAction\":[{\"@type\":\"SearchAction\",\"target\":{\"@type\":\"EntryPoint\",\"urlTemplate\":\"https:\/\/www-inte.b2pweb.com\/fr\/?s={search_term_string}\"},\"query-input\":{\"@type\":\"PropertyValueSpecification\",\"valueRequired\":true,\"valueName\":\"search_term_string\"}}],\"inLanguage\":\"fr-FR\"},{\"@type\":\"Organization\",\"@id\":\"https:\/\/www-inte.b2pweb.com\/fr\/#organization\",\"name\":\"B2PWeb\",\"url\":\"https:\/\/www-inte.b2pweb.com\/fr\/\",\"logo\":{\"@type\":\"ImageObject\",\"inLanguage\":\"fr-FR\",\"@id\":\"https:\/\/www-inte.b2pweb.com\/fr\/#\/schema\/logo\/image\/\",\"url\":\"https:\/\/www-inte.b2pweb.com\/wp-content\/uploads\/2024\/09\/logo_b2pweb_by_b2p_couleur_originale_sans_tagline.png\",\"contentUrl\":\"https:\/\/www-inte.b2pweb.com\/wp-content\/uploads\/2024\/09\/logo_b2pweb_by_b2p_couleur_originale_sans_tagline.png\",\"width\":558,\"height\":203,\"caption\":\"B2PWeb\"},\"image\":{\"@id\":\"https:\/\/www-inte.b2pweb.com\/fr\/#\/schema\/logo\/image\/\"},\"sameAs\":[\"https:\/\/m.facebook.com\/p\/B2P-100057724080343\/\",\"https:\/\/fr.linkedin.com\/company\/b2pweb\",\"https:\/\/www.youtube.com\/channel\/UC_DMJDsr7WATOkvD0eLiF6A\",\"https:\/\/www.instagram.com\/b2pweb_\/\"]}]}<\/script>\n<!-- \/ Yoast SEO plugin. -->","yoast_head_json":{"title":"B2PWeb | Double authentification bourse de fret","robots":{"index":"noindex","follow":"nofollow"},"og_locale":"fr_FR","og_type":"article","og_title":"B2PWeb | Double authentification bourse de fret","og_description":"Qu\u2019est-ce que la double authentification (A2F) ? La double authentification (A2F) est une m\u00e9thode de s\u00e9curisation avanc\u00e9e qui exige une v\u00e9rification \u00e0 deux facteurs \u00e0 chaque connexion. Cette mesure renforce la s\u00e9curit\u00e9 de vos donn\u00e9es et limite les risques d\u2019acc\u00e8s non autoris\u00e9 \u00e0 votre compte. Qui est concern\u00e9 ? Tout utilisateur de B2PWeb poss\u00e9dant un [&hellip;]","og_url":"https:\/\/www-inte.b2pweb.com\/fr\/double-authentification-bourse-de-fret\/","og_site_name":"B2PWeb","article_publisher":"https:\/\/m.facebook.com\/p\/B2P-100057724080343\/","article_modified_time":"2025-06-30T07:47:17+00:00","og_image":[{"url":"https:\/\/www-inte.b2pweb.com\/wp-content\/uploads\/id-card.png","type":"","width":"","height":""}],"twitter_card":"summary_large_image","twitter_misc":{"Dur\u00e9e de lecture estim\u00e9e":"2 minutes"},"schema":{"@context":"https:\/\/schema.org","@graph":[{"@type":"WebPage","@id":"https:\/\/www-inte.b2pweb.com\/fr\/double-authentification-bourse-de-fret\/","url":"https:\/\/www-inte.b2pweb.com\/fr\/double-authentification-bourse-de-fret\/","name":"B2PWeb | Double authentification bourse de fret","isPartOf":{"@id":"https:\/\/www-inte.b2pweb.com\/fr\/#website"},"primaryImageOfPage":{"@id":"https:\/\/www-inte.b2pweb.com\/fr\/double-authentification-bourse-de-fret\/#primaryimage"},"image":{"@id":"https:\/\/www-inte.b2pweb.com\/fr\/double-authentification-bourse-de-fret\/#primaryimage"},"thumbnailUrl":"https:\/\/www-inte.b2pweb.com\/wp-content\/uploads\/id-card.png","datePublished":"2025-06-20T13:55:12+00:00","dateModified":"2025-06-30T07:47:17+00:00","breadcrumb":{"@id":"https:\/\/www-inte.b2pweb.com\/fr\/double-authentification-bourse-de-fret\/#breadcrumb"},"inLanguage":"fr-FR","potentialAction":[{"@type":"ReadAction","target":["https:\/\/www-inte.b2pweb.com\/fr\/double-authentification-bourse-de-fret\/"]}]},{"@type":"ImageObject","inLanguage":"fr-FR","@id":"https:\/\/www-inte.b2pweb.com\/fr\/double-authentification-bourse-de-fret\/#primaryimage","url":"https:\/\/www-inte.b2pweb.com\/wp-content\/uploads\/id-card.png","contentUrl":"https:\/\/www-inte.b2pweb.com\/wp-content\/uploads\/id-card.png"},{"@type":"BreadcrumbList","@id":"https:\/\/www-inte.b2pweb.com\/fr\/double-authentification-bourse-de-fret\/#breadcrumb","itemListElement":[{"@type":"ListItem","position":1,"name":"Home","item":"https:\/\/www-inte.b2pweb.com\/fr\/"},{"@type":"ListItem","position":2,"name":"Double authentification bourse de fret"}]},{"@type":"WebSite","@id":"https:\/\/www-inte.b2pweb.com\/fr\/#website","url":"https:\/\/www-inte.b2pweb.com\/fr\/","name":"B2PWeb","description":"","publisher":{"@id":"https:\/\/www-inte.b2pweb.com\/fr\/#organization"},"potentialAction":[{"@type":"SearchAction","target":{"@type":"EntryPoint","urlTemplate":"https:\/\/www-inte.b2pweb.com\/fr\/?s={search_term_string}"},"query-input":{"@type":"PropertyValueSpecification","valueRequired":true,"valueName":"search_term_string"}}],"inLanguage":"fr-FR"},{"@type":"Organization","@id":"https:\/\/www-inte.b2pweb.com\/fr\/#organization","name":"B2PWeb","url":"https:\/\/www-inte.b2pweb.com\/fr\/","logo":{"@type":"ImageObject","inLanguage":"fr-FR","@id":"https:\/\/www-inte.b2pweb.com\/fr\/#\/schema\/logo\/image\/","url":"https:\/\/www-inte.b2pweb.com\/wp-content\/uploads\/2024\/09\/logo_b2pweb_by_b2p_couleur_originale_sans_tagline.png","contentUrl":"https:\/\/www-inte.b2pweb.com\/wp-content\/uploads\/2024\/09\/logo_b2pweb_by_b2p_couleur_originale_sans_tagline.png","width":558,"height":203,"caption":"B2PWeb"},"image":{"@id":"https:\/\/www-inte.b2pweb.com\/fr\/#\/schema\/logo\/image\/"},"sameAs":["https:\/\/m.facebook.com\/p\/B2P-100057724080343\/","https:\/\/fr.linkedin.com\/company\/b2pweb","https:\/\/www.youtube.com\/channel\/UC_DMJDsr7WATOkvD0eLiF6A","https:\/\/www.instagram.com\/b2pweb_\/"]}]}},"_links":{"self":[{"href":"https:\/\/www-inte.b2pweb.com\/fr\/wp-json\/wp\/v2\/pages\/5888","targetHints":{"allow":["GET"]}}],"collection":[{"href":"https:\/\/www-inte.b2pweb.com\/fr\/wp-json\/wp\/v2\/pages"}],"about":[{"href":"https:\/\/www-inte.b2pweb.com\/fr\/wp-json\/wp\/v2\/types\/page"}],"author":[{"embeddable":true,"href":"https:\/\/www-inte.b2pweb.com\/fr\/wp-json\/wp\/v2\/users\/1"}],"replies":[{"embeddable":true,"href":"https:\/\/www-inte.b2pweb.com\/fr\/wp-json\/wp\/v2\/comments?post=5888"}],"version-history":[{"count":42,"href":"https:\/\/www-inte.b2pweb.com\/fr\/wp-json\/wp\/v2\/pages\/5888\/revisions"}],"predecessor-version":[{"id":6044,"href":"https:\/\/www-inte.b2pweb.com\/fr\/wp-json\/wp\/v2\/pages\/5888\/revisions\/6044"}],"wp:attachment":[{"href":"https:\/\/www-inte.b2pweb.com\/fr\/wp-json\/wp\/v2\/media?parent=5888"}],"curies":[{"name":"wp","href":"https:\/\/api.w.org\/{rel}","templated":true}]}}