{"id":5892,"date":"2025-06-20T15:55:12","date_gmt":"2025-06-20T13:55:12","guid":{"rendered":"https:\/\/www-inte.b2pweb.com\/?page_id=5892"},"modified":"2025-07-01T16:58:49","modified_gmt":"2025-07-01T14:58:49","slug":"doble-autenticacion-bolsa-de-cargas","status":"publish","type":"page","link":"https:\/\/www-inte.b2pweb.com\/es\/doble-autenticacion-bolsa-de-cargas\/","title":{"rendered":"Doble autenticacion bolsa de cargas"},"content":{"rendered":"\n<div class=\"wp-block-media-text is-vertically-aligned-top\" style=\"grid-template-columns:5% auto\"><figure class=\"wp-block-media-text__media\"><img loading=\"lazy\" decoding=\"async\" width=\"576\" height=\"455\" src=\"https:\/\/www-inte.b2pweb.com\/wp-content\/uploads\/id-card.png\" alt=\"\" class=\"wp-image-5913 size-thumbnail\" srcset=\"https:\/\/www-inte.b2pweb.com\/wp-content\/uploads\/id-card.png 576w, https:\/\/www-inte.b2pweb.com\/wp-content\/uploads\/id-card-300x237.png 300w\" sizes=\"auto, (max-width: 576px) 100vw, 576px\" \/><\/figure><div class=\"wp-block-media-text__content\">\n<h2 class=\"wp-block-heading\">\u00bfQu\u00e9 es la autenticaci\u00f3n en dos pasos (2FA)?<\/h2>\n\n\n\n<p>La autenticaci\u00f3n en dos pasos es un m\u00e9todo de seguridad avanzado que requiere una\u00a0<strong>verificaci\u00f3n doble<\/strong>\u00a0cada vez que se inicia sesi\u00f3n. Esta medida refuerza la protecci\u00f3n de sus datos y reduce el riesgo de accesos no autorizados a su cuenta.<\/p>\n<\/div><\/div>\n\n\n\n<div class=\"wp-block-media-text is-vertically-aligned-top mt-3\" style=\"grid-template-columns:5% auto\"><figure class=\"wp-block-media-text__media\"><img loading=\"lazy\" decoding=\"async\" width=\"448\" height=\"512\" src=\"https:\/\/www-inte.b2pweb.com\/wp-content\/uploads\/icon-user-green.png\" alt=\"\" class=\"wp-image-6011 size-full\" srcset=\"https:\/\/www-inte.b2pweb.com\/wp-content\/uploads\/icon-user-green.png 448w, https:\/\/www-inte.b2pweb.com\/wp-content\/uploads\/icon-user-green-263x300.png 263w\" sizes=\"auto, (max-width: 448px) 100vw, 448px\" \/><\/figure><div class=\"wp-block-media-text__content\">\n<h2 class=\"wp-block-heading\">\u00bfA qui\u00e9n afecta?<\/h2>\n\n\n\n<p>A todos los usuarios de B2PWeb que dispongan de una cuenta individual, independientemente del tipo de suscripci\u00f3n.<\/p>\n<\/div><\/div>\n\n\n\n<div class=\"wp-block-media-text is-vertically-aligned-top mt-3\" style=\"grid-template-columns:5% auto\"><figure class=\"wp-block-media-text__media\"><img loading=\"lazy\" decoding=\"async\" width=\"576\" height=\"512\" src=\"https:\/\/www-inte.b2pweb.com\/wp-content\/uploads\/icon-lock-green.png\" alt=\"\" class=\"wp-image-6006 size-full\" srcset=\"https:\/\/www-inte.b2pweb.com\/wp-content\/uploads\/icon-lock-green.png 576w, https:\/\/www-inte.b2pweb.com\/wp-content\/uploads\/icon-lock-green-300x267.png 300w\" sizes=\"auto, (max-width: 576px) 100vw, 576px\" \/><\/figure><div class=\"wp-block-media-text__content\">\n<h2 class=\"wp-block-heading\">\u00bfC\u00f3mo funciona?<\/h2>\n\n\n\n<p>Cuando esta opci\u00f3n est\u00e9 activada, cualquier nuevo inicio de sesi\u00f3n requerir\u00e1 introducir un\u00a0c\u00f3digo \u00fanico en la p\u00e1gina de autenticaci\u00f3n de B2PWeb. Sin este c\u00f3digo, no ser\u00e1 posible acceder a la bolsa de cargas.<\/p>\n<\/div><\/div>\n\n\n\n<div class=\"wp-block-media-text is-vertically-aligned-top mt-3\" style=\"grid-template-columns:5% auto\"><figure class=\"wp-block-media-text__media\"><img loading=\"lazy\" decoding=\"async\" width=\"512\" height=\"390\" src=\"https:\/\/www-inte.b2pweb.com\/wp-content\/uploads\/envelope-mail.png\" alt=\"\" class=\"wp-image-5953 size-full\" srcset=\"https:\/\/www-inte.b2pweb.com\/wp-content\/uploads\/envelope-mail.png 512w, https:\/\/www-inte.b2pweb.com\/wp-content\/uploads\/envelope-mail-300x229.png 300w\" sizes=\"auto, (max-width: 512px) 100vw, 512px\" \/><\/figure><div class=\"wp-block-media-text__content\">\n<h2 class=\"wp-block-heading\">\u00bfA d\u00f3nde se env\u00eda el c\u00f3digo de un solo uso?<\/h2>\n\n\n\n<p>El c\u00f3digo se env\u00eda a la direcci\u00f3n de correo electr\u00f3nico asociada a su cuenta de usuario (normalmente, el correo que utiliza para iniciar sesi\u00f3n).<\/p>\n<\/div><\/div>\n\n\n\n<div class=\"wp-block-media-text is-vertically-aligned-top mt-3\" style=\"grid-template-columns:5% auto\"><figure class=\"wp-block-media-text__media\"><img loading=\"lazy\" decoding=\"async\" width=\"512\" height=\"512\" src=\"https:\/\/www-inte.b2pweb.com\/wp-content\/uploads\/check.png\" alt=\"\" class=\"wp-image-5964 size-full\" srcset=\"https:\/\/www-inte.b2pweb.com\/wp-content\/uploads\/check.png 512w, https:\/\/www-inte.b2pweb.com\/wp-content\/uploads\/check-300x300.png 300w, https:\/\/www-inte.b2pweb.com\/wp-content\/uploads\/check-150x150.png 150w\" sizes=\"auto, (max-width: 512px) 100vw, 512px\" \/><\/figure><div class=\"wp-block-media-text__content\">\n<h2 class=\"wp-block-heading\">\u00bfC\u00f3mo se activa esta opci\u00f3n?<\/h2>\n\n\n\n<p>Puede activar esta opci\u00f3n (2FA) desde la configuraci\u00f3n de su cuenta B2PWeb:\u00a0<strong>Mi cuenta > Seguridad de la cuenta<\/strong><\/p>\n<\/div><\/div>\n","protected":false},"excerpt":{"rendered":"<p>\u00bfQu\u00e9 es la autenticaci\u00f3n en dos pasos (2FA)? La autenticaci\u00f3n en dos pasos es un m\u00e9todo de seguridad avanzado que requiere una\u00a0verificaci\u00f3n doble\u00a0cada vez que se inicia sesi\u00f3n. Esta medida refuerza la protecci\u00f3n de sus datos y reduce el riesgo de accesos no autorizados a su cuenta. \u00bfA qui\u00e9n afecta? A todos los usuarios de [&hellip;]<\/p>\n","protected":false},"author":1,"featured_media":0,"parent":0,"menu_order":0,"comment_status":"closed","ping_status":"closed","template":"page.php","meta":{"_acf_changed":false,"footnotes":""},"class_list":["post-5892","page","type-page","status-publish","hentry"],"acf":[],"yoast_head":"<!-- This site is optimized with the Yoast SEO plugin v27.2 - https:\/\/yoast.com\/product\/yoast-seo-wordpress\/ -->\n<title>B2PWeb | Doble autenticacion bolsa de cargas<\/title>\n<meta name=\"robots\" content=\"noindex, nofollow\" \/>\n<meta property=\"og:locale\" content=\"es_ES\" \/>\n<meta property=\"og:type\" content=\"article\" \/>\n<meta property=\"og:title\" content=\"B2PWeb | Doble autenticacion bolsa de cargas\" \/>\n<meta property=\"og:description\" content=\"\u00bfQu\u00e9 es la autenticaci\u00f3n en dos pasos (2FA)? La autenticaci\u00f3n en dos pasos es un m\u00e9todo de seguridad avanzado que requiere una\u00a0verificaci\u00f3n doble\u00a0cada vez que se inicia sesi\u00f3n. Esta medida refuerza la protecci\u00f3n de sus datos y reduce el riesgo de accesos no autorizados a su cuenta. \u00bfA qui\u00e9n afecta? A todos los usuarios de [&hellip;]\" \/>\n<meta property=\"og:url\" content=\"https:\/\/www-inte.b2pweb.com\/es\/doble-autenticacion-bolsa-de-cargas\/\" \/>\n<meta property=\"og:site_name\" content=\"B2PWeb\" \/>\n<meta property=\"article:publisher\" content=\"https:\/\/m.facebook.com\/p\/B2P-100057724080343\/\" \/>\n<meta property=\"article:modified_time\" content=\"2025-07-01T14:58:49+00:00\" \/>\n<meta property=\"og:image\" content=\"https:\/\/www-inte.b2pweb.com\/wp-content\/uploads\/id-card.png\" \/>\n<meta name=\"twitter:card\" content=\"summary_large_image\" \/>\n<meta name=\"twitter:label1\" content=\"Tiempo de lectura\" \/>\n\t<meta name=\"twitter:data1\" content=\"2 minutos\" \/>\n<script type=\"application\/ld+json\" class=\"yoast-schema-graph\">{\"@context\":\"https:\/\/schema.org\",\"@graph\":[{\"@type\":\"WebPage\",\"@id\":\"https:\/\/www-inte.b2pweb.com\/es\/doble-autenticacion-bolsa-de-cargas\/\",\"url\":\"https:\/\/www-inte.b2pweb.com\/es\/doble-autenticacion-bolsa-de-cargas\/\",\"name\":\"B2PWeb | Doble autenticacion bolsa de cargas\",\"isPartOf\":{\"@id\":\"https:\/\/www-inte.b2pweb.com\/es\/#website\"},\"primaryImageOfPage\":{\"@id\":\"https:\/\/www-inte.b2pweb.com\/es\/doble-autenticacion-bolsa-de-cargas\/#primaryimage\"},\"image\":{\"@id\":\"https:\/\/www-inte.b2pweb.com\/es\/doble-autenticacion-bolsa-de-cargas\/#primaryimage\"},\"thumbnailUrl\":\"https:\/\/www-inte.b2pweb.com\/wp-content\/uploads\/id-card.png\",\"datePublished\":\"2025-06-20T13:55:12+00:00\",\"dateModified\":\"2025-07-01T14:58:49+00:00\",\"breadcrumb\":{\"@id\":\"https:\/\/www-inte.b2pweb.com\/es\/doble-autenticacion-bolsa-de-cargas\/#breadcrumb\"},\"inLanguage\":\"es\",\"potentialAction\":[{\"@type\":\"ReadAction\",\"target\":[\"https:\/\/www-inte.b2pweb.com\/es\/doble-autenticacion-bolsa-de-cargas\/\"]}]},{\"@type\":\"ImageObject\",\"inLanguage\":\"es\",\"@id\":\"https:\/\/www-inte.b2pweb.com\/es\/doble-autenticacion-bolsa-de-cargas\/#primaryimage\",\"url\":\"https:\/\/www-inte.b2pweb.com\/wp-content\/uploads\/id-card.png\",\"contentUrl\":\"https:\/\/www-inte.b2pweb.com\/wp-content\/uploads\/id-card.png\"},{\"@type\":\"BreadcrumbList\",\"@id\":\"https:\/\/www-inte.b2pweb.com\/es\/doble-autenticacion-bolsa-de-cargas\/#breadcrumb\",\"itemListElement\":[{\"@type\":\"ListItem\",\"position\":1,\"name\":\"Home\",\"item\":\"https:\/\/www-inte.b2pweb.com\/es\/\"},{\"@type\":\"ListItem\",\"position\":2,\"name\":\"Doble autenticacion bolsa de cargas\"}]},{\"@type\":\"WebSite\",\"@id\":\"https:\/\/www-inte.b2pweb.com\/es\/#website\",\"url\":\"https:\/\/www-inte.b2pweb.com\/es\/\",\"name\":\"B2PWeb\",\"description\":\"\",\"publisher\":{\"@id\":\"https:\/\/www-inte.b2pweb.com\/es\/#organization\"},\"potentialAction\":[{\"@type\":\"SearchAction\",\"target\":{\"@type\":\"EntryPoint\",\"urlTemplate\":\"https:\/\/www-inte.b2pweb.com\/es\/?s={search_term_string}\"},\"query-input\":{\"@type\":\"PropertyValueSpecification\",\"valueRequired\":true,\"valueName\":\"search_term_string\"}}],\"inLanguage\":\"es\"},{\"@type\":\"Organization\",\"@id\":\"https:\/\/www-inte.b2pweb.com\/es\/#organization\",\"name\":\"B2PWeb\",\"url\":\"https:\/\/www-inte.b2pweb.com\/es\/\",\"logo\":{\"@type\":\"ImageObject\",\"inLanguage\":\"es\",\"@id\":\"https:\/\/www-inte.b2pweb.com\/es\/#\/schema\/logo\/image\/\",\"url\":\"https:\/\/www-inte.b2pweb.com\/wp-content\/uploads\/2024\/09\/logo_b2pweb_by_b2p_couleur_originale_sans_tagline.png\",\"contentUrl\":\"https:\/\/www-inte.b2pweb.com\/wp-content\/uploads\/2024\/09\/logo_b2pweb_by_b2p_couleur_originale_sans_tagline.png\",\"width\":558,\"height\":203,\"caption\":\"B2PWeb\"},\"image\":{\"@id\":\"https:\/\/www-inte.b2pweb.com\/es\/#\/schema\/logo\/image\/\"},\"sameAs\":[\"https:\/\/m.facebook.com\/p\/B2P-100057724080343\/\",\"https:\/\/fr.linkedin.com\/company\/b2pweb\",\"https:\/\/www.youtube.com\/channel\/UC_DMJDsr7WATOkvD0eLiF6A\",\"https:\/\/www.instagram.com\/b2pweb_\/\"]}]}<\/script>\n<!-- \/ Yoast SEO plugin. -->","yoast_head_json":{"title":"B2PWeb | Doble autenticacion bolsa de cargas","robots":{"index":"noindex","follow":"nofollow"},"og_locale":"es_ES","og_type":"article","og_title":"B2PWeb | Doble autenticacion bolsa de cargas","og_description":"\u00bfQu\u00e9 es la autenticaci\u00f3n en dos pasos (2FA)? La autenticaci\u00f3n en dos pasos es un m\u00e9todo de seguridad avanzado que requiere una\u00a0verificaci\u00f3n doble\u00a0cada vez que se inicia sesi\u00f3n. Esta medida refuerza la protecci\u00f3n de sus datos y reduce el riesgo de accesos no autorizados a su cuenta. \u00bfA qui\u00e9n afecta? A todos los usuarios de [&hellip;]","og_url":"https:\/\/www-inte.b2pweb.com\/es\/doble-autenticacion-bolsa-de-cargas\/","og_site_name":"B2PWeb","article_publisher":"https:\/\/m.facebook.com\/p\/B2P-100057724080343\/","article_modified_time":"2025-07-01T14:58:49+00:00","og_image":[{"url":"https:\/\/www-inte.b2pweb.com\/wp-content\/uploads\/id-card.png","type":"","width":"","height":""}],"twitter_card":"summary_large_image","twitter_misc":{"Tiempo de lectura":"2 minutos"},"schema":{"@context":"https:\/\/schema.org","@graph":[{"@type":"WebPage","@id":"https:\/\/www-inte.b2pweb.com\/es\/doble-autenticacion-bolsa-de-cargas\/","url":"https:\/\/www-inte.b2pweb.com\/es\/doble-autenticacion-bolsa-de-cargas\/","name":"B2PWeb | Doble autenticacion bolsa de cargas","isPartOf":{"@id":"https:\/\/www-inte.b2pweb.com\/es\/#website"},"primaryImageOfPage":{"@id":"https:\/\/www-inte.b2pweb.com\/es\/doble-autenticacion-bolsa-de-cargas\/#primaryimage"},"image":{"@id":"https:\/\/www-inte.b2pweb.com\/es\/doble-autenticacion-bolsa-de-cargas\/#primaryimage"},"thumbnailUrl":"https:\/\/www-inte.b2pweb.com\/wp-content\/uploads\/id-card.png","datePublished":"2025-06-20T13:55:12+00:00","dateModified":"2025-07-01T14:58:49+00:00","breadcrumb":{"@id":"https:\/\/www-inte.b2pweb.com\/es\/doble-autenticacion-bolsa-de-cargas\/#breadcrumb"},"inLanguage":"es","potentialAction":[{"@type":"ReadAction","target":["https:\/\/www-inte.b2pweb.com\/es\/doble-autenticacion-bolsa-de-cargas\/"]}]},{"@type":"ImageObject","inLanguage":"es","@id":"https:\/\/www-inte.b2pweb.com\/es\/doble-autenticacion-bolsa-de-cargas\/#primaryimage","url":"https:\/\/www-inte.b2pweb.com\/wp-content\/uploads\/id-card.png","contentUrl":"https:\/\/www-inte.b2pweb.com\/wp-content\/uploads\/id-card.png"},{"@type":"BreadcrumbList","@id":"https:\/\/www-inte.b2pweb.com\/es\/doble-autenticacion-bolsa-de-cargas\/#breadcrumb","itemListElement":[{"@type":"ListItem","position":1,"name":"Home","item":"https:\/\/www-inte.b2pweb.com\/es\/"},{"@type":"ListItem","position":2,"name":"Doble autenticacion bolsa de cargas"}]},{"@type":"WebSite","@id":"https:\/\/www-inte.b2pweb.com\/es\/#website","url":"https:\/\/www-inte.b2pweb.com\/es\/","name":"B2PWeb","description":"","publisher":{"@id":"https:\/\/www-inte.b2pweb.com\/es\/#organization"},"potentialAction":[{"@type":"SearchAction","target":{"@type":"EntryPoint","urlTemplate":"https:\/\/www-inte.b2pweb.com\/es\/?s={search_term_string}"},"query-input":{"@type":"PropertyValueSpecification","valueRequired":true,"valueName":"search_term_string"}}],"inLanguage":"es"},{"@type":"Organization","@id":"https:\/\/www-inte.b2pweb.com\/es\/#organization","name":"B2PWeb","url":"https:\/\/www-inte.b2pweb.com\/es\/","logo":{"@type":"ImageObject","inLanguage":"es","@id":"https:\/\/www-inte.b2pweb.com\/es\/#\/schema\/logo\/image\/","url":"https:\/\/www-inte.b2pweb.com\/wp-content\/uploads\/2024\/09\/logo_b2pweb_by_b2p_couleur_originale_sans_tagline.png","contentUrl":"https:\/\/www-inte.b2pweb.com\/wp-content\/uploads\/2024\/09\/logo_b2pweb_by_b2p_couleur_originale_sans_tagline.png","width":558,"height":203,"caption":"B2PWeb"},"image":{"@id":"https:\/\/www-inte.b2pweb.com\/es\/#\/schema\/logo\/image\/"},"sameAs":["https:\/\/m.facebook.com\/p\/B2P-100057724080343\/","https:\/\/fr.linkedin.com\/company\/b2pweb","https:\/\/www.youtube.com\/channel\/UC_DMJDsr7WATOkvD0eLiF6A","https:\/\/www.instagram.com\/b2pweb_\/"]}]}},"_links":{"self":[{"href":"https:\/\/www-inte.b2pweb.com\/es\/wp-json\/wp\/v2\/pages\/5892","targetHints":{"allow":["GET"]}}],"collection":[{"href":"https:\/\/www-inte.b2pweb.com\/es\/wp-json\/wp\/v2\/pages"}],"about":[{"href":"https:\/\/www-inte.b2pweb.com\/es\/wp-json\/wp\/v2\/types\/page"}],"author":[{"embeddable":true,"href":"https:\/\/www-inte.b2pweb.com\/es\/wp-json\/wp\/v2\/users\/1"}],"replies":[{"embeddable":true,"href":"https:\/\/www-inte.b2pweb.com\/es\/wp-json\/wp\/v2\/comments?post=5892"}],"version-history":[{"count":5,"href":"https:\/\/www-inte.b2pweb.com\/es\/wp-json\/wp\/v2\/pages\/5892\/revisions"}],"predecessor-version":[{"id":6064,"href":"https:\/\/www-inte.b2pweb.com\/es\/wp-json\/wp\/v2\/pages\/5892\/revisions\/6064"}],"wp:attachment":[{"href":"https:\/\/www-inte.b2pweb.com\/es\/wp-json\/wp\/v2\/media?parent=5892"}],"curies":[{"name":"wp","href":"https:\/\/api.w.org\/{rel}","templated":true}]}}